{"id":1351,"date":"2023-11-13T17:00:56","date_gmt":"2023-11-13T17:00:56","guid":{"rendered":"https:\/\/fack0ff-record.com\/?page_id=1351"},"modified":"2025-11-11T12:37:50","modified_gmt":"2025-11-11T12:37:50","slug":"dekadenzia-juvenil","status":"publish","type":"page","link":"https:\/\/fack0ff-record.com\/index.php\/dekadenzia-juvenil\/","title":{"rendered":"13. Dekadenzia Juvenil"},"content":{"rendered":"\n<figure class=\"wp-block-image size-full\"><img fetchpriority=\"high\" decoding=\"async\" width=\"970\" height=\"250\" src=\"https:\/\/fack0ff-record.com\/wp-content\/uploads\/2023\/11\/Dekadenzia-Juvenil.png\" alt=\"\" class=\"wp-image-1352\" srcset=\"https:\/\/fack0ff-record.com\/wp-content\/uploads\/2023\/11\/Dekadenzia-Juvenil.png 970w, https:\/\/fack0ff-record.com\/wp-content\/uploads\/2023\/11\/Dekadenzia-Juvenil-300x77.png 300w, https:\/\/fack0ff-record.com\/wp-content\/uploads\/2023\/11\/Dekadenzia-Juvenil-768x198.png 768w, https:\/\/fack0ff-record.com\/wp-content\/uploads\/2023\/11\/Dekadenzia-Juvenil-370x95.png 370w, https:\/\/fack0ff-record.com\/wp-content\/uploads\/2023\/11\/Dekadenzia-Juvenil-770x198.png 770w, https:\/\/fack0ff-record.com\/wp-content\/uploads\/2023\/11\/Dekadenzia-Juvenil-600x155.png 600w\" sizes=\"(max-width: 970px) 100vw, 970px\" \/><\/figure>\n\n\n\n<div style=\"height:100px\" aria-hidden=\"true\" class=\"wp-block-spacer\"><\/div>\n\n\n\n<figure class=\"wp-block-image size-full is-resized\"><img decoding=\"async\" width=\"945\" height=\"142\" src=\"https:\/\/fack0ff-record.com\/wp-content\/uploads\/2023\/09\/7.-Genero-y-Subgenero.png\" alt=\"\" class=\"wp-image-1188\" style=\"width:429px;height:64px\" srcset=\"https:\/\/fack0ff-record.com\/wp-content\/uploads\/2023\/09\/7.-Genero-y-Subgenero.png 945w, https:\/\/fack0ff-record.com\/wp-content\/uploads\/2023\/09\/7.-Genero-y-Subgenero-300x45.png 300w, https:\/\/fack0ff-record.com\/wp-content\/uploads\/2023\/09\/7.-Genero-y-Subgenero-768x115.png 768w, https:\/\/fack0ff-record.com\/wp-content\/uploads\/2023\/09\/7.-Genero-y-Subgenero-370x56.png 370w, https:\/\/fack0ff-record.com\/wp-content\/uploads\/2023\/09\/7.-Genero-y-Subgenero-770x116.png 770w, https:\/\/fack0ff-record.com\/wp-content\/uploads\/2023\/09\/7.-Genero-y-Subgenero-600x90.png 600w\" sizes=\"(max-width: 945px) 100vw, 945px\" \/><\/figure>\n\n\n\n<h3 class=\"wp-block-heading\">Punk \/ HCPunk, Oi, ska, punkrock<\/h3>\n\n\n\n<p>Dekadenzia Juvenil somos una banda de punk que acabamos de empezar, tenemos much\u00edsimas ganas de avanzar con este proyecto y sacarlo para adelante!! Por ahora Dekadenzia Juvenil somos 2 componentes, aunque nos gustar\u00eda encontrar al menos un bajo con su respectivo m\u00fasico jajajaja, a\u00fan as\u00ed tenemos demasiadas ganas de tocar en los escenarios y darlo todo. <\/p>\n\n\n\n<p>Tocamos versiones y temas propios pero nos estamos intentando enfocar en sacar temas nuevos.<\/p>\n\n\n\n<p>Video \u00abAntinazis\u00bb: <a href=\"https:\/\/www.instagram.com\/p\/CyLxQR-qrGm\/\" target=\"_blank\" rel=\"noopener\">https:\/\/www.instagram.com\/p\/CyLxQR-qrGm\/<\/a><\/p>\n\n\n\n<div style=\"height:100px\" aria-hidden=\"true\" class=\"wp-block-spacer\"><\/div>\n\n\n\n<figure class=\"wp-block-image size-full is-resized\"><img decoding=\"async\" width=\"945\" height=\"142\" src=\"https:\/\/fack0ff-record.com\/wp-content\/uploads\/2023\/09\/1.-Persona-de-contacto.png\" alt=\"\" class=\"wp-image-1172\" style=\"width:432px;height:65px\" srcset=\"https:\/\/fack0ff-record.com\/wp-content\/uploads\/2023\/09\/1.-Persona-de-contacto.png 945w, https:\/\/fack0ff-record.com\/wp-content\/uploads\/2023\/09\/1.-Persona-de-contacto-300x45.png 300w, https:\/\/fack0ff-record.com\/wp-content\/uploads\/2023\/09\/1.-Persona-de-contacto-768x115.png 768w, https:\/\/fack0ff-record.com\/wp-content\/uploads\/2023\/09\/1.-Persona-de-contacto-370x56.png 370w, https:\/\/fack0ff-record.com\/wp-content\/uploads\/2023\/09\/1.-Persona-de-contacto-770x116.png 770w, https:\/\/fack0ff-record.com\/wp-content\/uploads\/2023\/09\/1.-Persona-de-contacto-600x90.png 600w\" sizes=\"(max-width: 945px) 100vw, 945px\" \/><\/figure>\n\n\n\n<h3 class=\"wp-block-heading\">Ruben Ferrer<\/h3>\n\n\n\n<figure class=\"wp-block-image size-full is-resized\"><img loading=\"lazy\" decoding=\"async\" width=\"945\" height=\"142\" src=\"https:\/\/fack0ff-record.com\/wp-content\/uploads\/2023\/09\/2.-E-Mail.png\" alt=\"\" class=\"wp-image-1173\" style=\"width:432px;height:65px\" srcset=\"https:\/\/fack0ff-record.com\/wp-content\/uploads\/2023\/09\/2.-E-Mail.png 945w, https:\/\/fack0ff-record.com\/wp-content\/uploads\/2023\/09\/2.-E-Mail-300x45.png 300w, https:\/\/fack0ff-record.com\/wp-content\/uploads\/2023\/09\/2.-E-Mail-768x115.png 768w, https:\/\/fack0ff-record.com\/wp-content\/uploads\/2023\/09\/2.-E-Mail-370x56.png 370w, https:\/\/fack0ff-record.com\/wp-content\/uploads\/2023\/09\/2.-E-Mail-770x116.png 770w, https:\/\/fack0ff-record.com\/wp-content\/uploads\/2023\/09\/2.-E-Mail-600x90.png 600w\" sizes=\"(max-width: 945px) 100vw, 945px\" \/><\/figure>\n\n\n\n<h3 class=\"wp-block-heading\"><a href=\"mailto:rubenferrertmt@gmail.com\" target=\"_blank\" rel=\"noreferrer noopener\">rubenferrertmt@gmail.com<\/a><\/h3>\n\n\n\n<figure class=\"wp-block-image size-full is-resized\"><img loading=\"lazy\" decoding=\"async\" width=\"945\" height=\"142\" src=\"https:\/\/fack0ff-record.com\/wp-content\/uploads\/2023\/09\/3.-Telefono.png\" alt=\"\" class=\"wp-image-1174\" style=\"width:431px;height:65px\" srcset=\"https:\/\/fack0ff-record.com\/wp-content\/uploads\/2023\/09\/3.-Telefono.png 945w, https:\/\/fack0ff-record.com\/wp-content\/uploads\/2023\/09\/3.-Telefono-300x45.png 300w, https:\/\/fack0ff-record.com\/wp-content\/uploads\/2023\/09\/3.-Telefono-768x115.png 768w, https:\/\/fack0ff-record.com\/wp-content\/uploads\/2023\/09\/3.-Telefono-370x56.png 370w, https:\/\/fack0ff-record.com\/wp-content\/uploads\/2023\/09\/3.-Telefono-770x116.png 770w, https:\/\/fack0ff-record.com\/wp-content\/uploads\/2023\/09\/3.-Telefono-600x90.png 600w\" sizes=\"(max-width: 945px) 100vw, 945px\" \/><\/figure>\n\n\n\n<h3 class=\"wp-block-heading\">605096746<\/h3>\n\n\n\n<figure class=\"wp-block-image size-full is-resized\"><img loading=\"lazy\" decoding=\"async\" width=\"945\" height=\"142\" src=\"https:\/\/fack0ff-record.com\/wp-content\/uploads\/2023\/09\/4.-Web-Url.png\" alt=\"\" class=\"wp-image-1175\" style=\"width:433px;height:65px\" srcset=\"https:\/\/fack0ff-record.com\/wp-content\/uploads\/2023\/09\/4.-Web-Url.png 945w, https:\/\/fack0ff-record.com\/wp-content\/uploads\/2023\/09\/4.-Web-Url-300x45.png 300w, https:\/\/fack0ff-record.com\/wp-content\/uploads\/2023\/09\/4.-Web-Url-768x115.png 768w, https:\/\/fack0ff-record.com\/wp-content\/uploads\/2023\/09\/4.-Web-Url-370x56.png 370w, https:\/\/fack0ff-record.com\/wp-content\/uploads\/2023\/09\/4.-Web-Url-770x116.png 770w, https:\/\/fack0ff-record.com\/wp-content\/uploads\/2023\/09\/4.-Web-Url-600x90.png 600w\" sizes=\"(max-width: 945px) 100vw, 945px\" \/><\/figure>\n\n\n\n<h3 class=\"wp-block-heading\"><\/h3>\n\n\n\n<figure class=\"wp-block-image size-full is-resized\"><img loading=\"lazy\" decoding=\"async\" width=\"945\" height=\"142\" src=\"https:\/\/fack0ff-record.com\/wp-content\/uploads\/2023\/09\/5.-Red-Social.png\" alt=\"\" class=\"wp-image-1176\" style=\"width:433px;height:65px\" srcset=\"https:\/\/fack0ff-record.com\/wp-content\/uploads\/2023\/09\/5.-Red-Social.png 945w, https:\/\/fack0ff-record.com\/wp-content\/uploads\/2023\/09\/5.-Red-Social-300x45.png 300w, https:\/\/fack0ff-record.com\/wp-content\/uploads\/2023\/09\/5.-Red-Social-768x115.png 768w, https:\/\/fack0ff-record.com\/wp-content\/uploads\/2023\/09\/5.-Red-Social-370x56.png 370w, https:\/\/fack0ff-record.com\/wp-content\/uploads\/2023\/09\/5.-Red-Social-770x116.png 770w, https:\/\/fack0ff-record.com\/wp-content\/uploads\/2023\/09\/5.-Red-Social-600x90.png 600w\" sizes=\"(max-width: 945px) 100vw, 945px\" \/><\/figure>\n\n\n\n<h3 class=\"wp-block-heading\">https:\/\/www.instagram.com\/dekadenziajuvenil\/<\/h3>\n\n\n\n<figure class=\"wp-block-image size-full is-resized\"><img loading=\"lazy\" decoding=\"async\" width=\"945\" height=\"142\" src=\"https:\/\/fack0ff-record.com\/wp-content\/uploads\/2023\/09\/6.-Localidad-Provincia.png\" alt=\"\" class=\"wp-image-1177\" style=\"width:433px;height:65px\" srcset=\"https:\/\/fack0ff-record.com\/wp-content\/uploads\/2023\/09\/6.-Localidad-Provincia.png 945w, https:\/\/fack0ff-record.com\/wp-content\/uploads\/2023\/09\/6.-Localidad-Provincia-300x45.png 300w, https:\/\/fack0ff-record.com\/wp-content\/uploads\/2023\/09\/6.-Localidad-Provincia-768x115.png 768w, https:\/\/fack0ff-record.com\/wp-content\/uploads\/2023\/09\/6.-Localidad-Provincia-370x56.png 370w, https:\/\/fack0ff-record.com\/wp-content\/uploads\/2023\/09\/6.-Localidad-Provincia-770x116.png 770w, https:\/\/fack0ff-record.com\/wp-content\/uploads\/2023\/09\/6.-Localidad-Provincia-600x90.png 600w\" sizes=\"(max-width: 945px) 100vw, 945px\" \/><\/figure>\n\n\n\n<h3 class=\"wp-block-heading\">Tamarite de Litera \/ Huesca<\/h3>\n\n\n\n<figure class=\"wp-block-image size-full is-resized\"><img loading=\"lazy\" decoding=\"async\" width=\"945\" height=\"142\" src=\"https:\/\/fack0ff-record.com\/wp-content\/uploads\/2023\/09\/8.-Disponibilidad.png\" alt=\"\" class=\"wp-image-1178\" style=\"width:434px;height:66px\" srcset=\"https:\/\/fack0ff-record.com\/wp-content\/uploads\/2023\/09\/8.-Disponibilidad.png 945w, https:\/\/fack0ff-record.com\/wp-content\/uploads\/2023\/09\/8.-Disponibilidad-300x45.png 300w, https:\/\/fack0ff-record.com\/wp-content\/uploads\/2023\/09\/8.-Disponibilidad-768x115.png 768w, https:\/\/fack0ff-record.com\/wp-content\/uploads\/2023\/09\/8.-Disponibilidad-370x56.png 370w, https:\/\/fack0ff-record.com\/wp-content\/uploads\/2023\/09\/8.-Disponibilidad-770x116.png 770w, https:\/\/fack0ff-record.com\/wp-content\/uploads\/2023\/09\/8.-Disponibilidad-600x90.png 600w\" sizes=\"(max-width: 945px) 100vw, 945px\" \/><\/figure>\n\n\n\n<h3 class=\"wp-block-heading\">Todos los posibles<\/h3>\n\n\n\n<figure class=\"wp-block-image size-full is-resized\"><img loading=\"lazy\" decoding=\"async\" width=\"945\" height=\"142\" src=\"https:\/\/fack0ff-record.com\/wp-content\/uploads\/2023\/09\/9.-Km.-desplazamiento.png\" alt=\"\" class=\"wp-image-1179\" style=\"width:434px;height:65px\" srcset=\"https:\/\/fack0ff-record.com\/wp-content\/uploads\/2023\/09\/9.-Km.-desplazamiento.png 945w, https:\/\/fack0ff-record.com\/wp-content\/uploads\/2023\/09\/9.-Km.-desplazamiento-300x45.png 300w, https:\/\/fack0ff-record.com\/wp-content\/uploads\/2023\/09\/9.-Km.-desplazamiento-768x115.png 768w, https:\/\/fack0ff-record.com\/wp-content\/uploads\/2023\/09\/9.-Km.-desplazamiento-370x56.png 370w, https:\/\/fack0ff-record.com\/wp-content\/uploads\/2023\/09\/9.-Km.-desplazamiento-770x116.png 770w, https:\/\/fack0ff-record.com\/wp-content\/uploads\/2023\/09\/9.-Km.-desplazamiento-600x90.png 600w\" sizes=\"(max-width: 945px) 100vw, 945px\" \/><\/figure>\n\n\n\n<h3 class=\"wp-block-heading\">Sin l\u00edmites<\/h3>\n\n\n\n<figure class=\"wp-block-image size-full is-resized\"><img loading=\"lazy\" decoding=\"async\" width=\"945\" height=\"142\" src=\"https:\/\/fack0ff-record.com\/wp-content\/uploads\/2023\/09\/10.-Cache.png\" alt=\"\" class=\"wp-image-1180\" style=\"width:433px;height:65px\" srcset=\"https:\/\/fack0ff-record.com\/wp-content\/uploads\/2023\/09\/10.-Cache.png 945w, https:\/\/fack0ff-record.com\/wp-content\/uploads\/2023\/09\/10.-Cache-300x45.png 300w, https:\/\/fack0ff-record.com\/wp-content\/uploads\/2023\/09\/10.-Cache-768x115.png 768w, https:\/\/fack0ff-record.com\/wp-content\/uploads\/2023\/09\/10.-Cache-370x56.png 370w, https:\/\/fack0ff-record.com\/wp-content\/uploads\/2023\/09\/10.-Cache-770x116.png 770w, https:\/\/fack0ff-record.com\/wp-content\/uploads\/2023\/09\/10.-Cache-600x90.png 600w\" sizes=\"(max-width: 945px) 100vw, 945px\" \/><\/figure>\n\n\n\n<h3 class=\"wp-block-heading\"><\/h3>\n\n\n\n<figure class=\"wp-block-image size-full is-resized\"><img loading=\"lazy\" decoding=\"async\" width=\"945\" height=\"142\" src=\"https:\/\/fack0ff-record.com\/wp-content\/uploads\/2023\/09\/11.-Taquilla.png\" alt=\"\" class=\"wp-image-1181\" style=\"width:433px;height:65px\" srcset=\"https:\/\/fack0ff-record.com\/wp-content\/uploads\/2023\/09\/11.-Taquilla.png 945w, https:\/\/fack0ff-record.com\/wp-content\/uploads\/2023\/09\/11.-Taquilla-300x45.png 300w, https:\/\/fack0ff-record.com\/wp-content\/uploads\/2023\/09\/11.-Taquilla-768x115.png 768w, https:\/\/fack0ff-record.com\/wp-content\/uploads\/2023\/09\/11.-Taquilla-370x56.png 370w, https:\/\/fack0ff-record.com\/wp-content\/uploads\/2023\/09\/11.-Taquilla-770x116.png 770w, https:\/\/fack0ff-record.com\/wp-content\/uploads\/2023\/09\/11.-Taquilla-600x90.png 600w\" sizes=\"(max-width: 945px) 100vw, 945px\" \/><\/figure>\n\n\n\n<h3 class=\"wp-block-heading\">Lo tratar\u00e9 en privado<\/h3>\n\n\n\n<figure class=\"wp-block-image size-full is-resized\"><img loading=\"lazy\" decoding=\"async\" width=\"945\" height=\"142\" src=\"https:\/\/fack0ff-record.com\/wp-content\/uploads\/2023\/09\/12.-Solo-los-gastos.png\" alt=\"\" class=\"wp-image-1182\" style=\"width:433px;height:65px\" srcset=\"https:\/\/fack0ff-record.com\/wp-content\/uploads\/2023\/09\/12.-Solo-los-gastos.png 945w, https:\/\/fack0ff-record.com\/wp-content\/uploads\/2023\/09\/12.-Solo-los-gastos-300x45.png 300w, https:\/\/fack0ff-record.com\/wp-content\/uploads\/2023\/09\/12.-Solo-los-gastos-768x115.png 768w, https:\/\/fack0ff-record.com\/wp-content\/uploads\/2023\/09\/12.-Solo-los-gastos-370x56.png 370w, https:\/\/fack0ff-record.com\/wp-content\/uploads\/2023\/09\/12.-Solo-los-gastos-770x116.png 770w, https:\/\/fack0ff-record.com\/wp-content\/uploads\/2023\/09\/12.-Solo-los-gastos-600x90.png 600w\" sizes=\"(max-width: 945px) 100vw, 945px\" \/><\/figure>\n\n\n\n<h3 class=\"wp-block-heading\">Combustible<br>Dietas<br>Alojamiento<\/h3>\n\n\n\n<figure class=\"wp-block-image size-full is-resized\"><img loading=\"lazy\" decoding=\"async\" width=\"945\" height=\"142\" src=\"https:\/\/fack0ff-record.com\/wp-content\/uploads\/2023\/09\/13.-Dieta.png\" alt=\"\" class=\"wp-image-1183\" style=\"width:433px;height:65px\" srcset=\"https:\/\/fack0ff-record.com\/wp-content\/uploads\/2023\/09\/13.-Dieta.png 945w, https:\/\/fack0ff-record.com\/wp-content\/uploads\/2023\/09\/13.-Dieta-300x45.png 300w, https:\/\/fack0ff-record.com\/wp-content\/uploads\/2023\/09\/13.-Dieta-768x115.png 768w, https:\/\/fack0ff-record.com\/wp-content\/uploads\/2023\/09\/13.-Dieta-370x56.png 370w, https:\/\/fack0ff-record.com\/wp-content\/uploads\/2023\/09\/13.-Dieta-770x116.png 770w, https:\/\/fack0ff-record.com\/wp-content\/uploads\/2023\/09\/13.-Dieta-600x90.png 600w\" sizes=\"(max-width: 945px) 100vw, 945px\" \/><\/figure>\n\n\n\n<h3 class=\"wp-block-heading\"><\/h3>\n\n\n\n<figure class=\"wp-block-image size-full is-resized\"><img loading=\"lazy\" decoding=\"async\" width=\"945\" height=\"142\" src=\"https:\/\/fack0ff-record.com\/wp-content\/uploads\/2023\/09\/14.-Alergias.png\" alt=\"\" class=\"wp-image-1184\" style=\"width:432px;height:65px\" srcset=\"https:\/\/fack0ff-record.com\/wp-content\/uploads\/2023\/09\/14.-Alergias.png 945w, https:\/\/fack0ff-record.com\/wp-content\/uploads\/2023\/09\/14.-Alergias-300x45.png 300w, https:\/\/fack0ff-record.com\/wp-content\/uploads\/2023\/09\/14.-Alergias-768x115.png 768w, https:\/\/fack0ff-record.com\/wp-content\/uploads\/2023\/09\/14.-Alergias-370x56.png 370w, https:\/\/fack0ff-record.com\/wp-content\/uploads\/2023\/09\/14.-Alergias-770x116.png 770w, https:\/\/fack0ff-record.com\/wp-content\/uploads\/2023\/09\/14.-Alergias-600x90.png 600w\" sizes=\"(max-width: 945px) 100vw, 945px\" \/><\/figure>\n\n\n\n<h3 class=\"wp-block-heading\"><\/h3>\n\n\n\n<figure class=\"wp-block-image size-full is-resized\"><img loading=\"lazy\" decoding=\"async\" width=\"945\" height=\"142\" src=\"https:\/\/fack0ff-record.com\/wp-content\/uploads\/2023\/09\/15.-Info-Importante.png\" alt=\"\" class=\"wp-image-1185\" style=\"width:433px;height:65px\" srcset=\"https:\/\/fack0ff-record.com\/wp-content\/uploads\/2023\/09\/15.-Info-Importante.png 945w, https:\/\/fack0ff-record.com\/wp-content\/uploads\/2023\/09\/15.-Info-Importante-300x45.png 300w, https:\/\/fack0ff-record.com\/wp-content\/uploads\/2023\/09\/15.-Info-Importante-768x115.png 768w, https:\/\/fack0ff-record.com\/wp-content\/uploads\/2023\/09\/15.-Info-Importante-370x56.png 370w, https:\/\/fack0ff-record.com\/wp-content\/uploads\/2023\/09\/15.-Info-Importante-770x116.png 770w, https:\/\/fack0ff-record.com\/wp-content\/uploads\/2023\/09\/15.-Info-Importante-600x90.png 600w\" sizes=\"(max-width: 945px) 100vw, 945px\" \/><\/figure>\n\n\n\n<h3 class=\"wp-block-heading\"><\/h3>\n\n\n\n<figure class=\"wp-block-image size-full\"><img loading=\"lazy\" decoding=\"async\" width=\"945\" height=\"142\" src=\"https:\/\/fack0ff-record.com\/wp-content\/uploads\/2023\/09\/Soporte-como-banda-local.png\" alt=\"\" class=\"wp-image-1189\" srcset=\"https:\/\/fack0ff-record.com\/wp-content\/uploads\/2023\/09\/Soporte-como-banda-local.png 945w, https:\/\/fack0ff-record.com\/wp-content\/uploads\/2023\/09\/Soporte-como-banda-local-300x45.png 300w, https:\/\/fack0ff-record.com\/wp-content\/uploads\/2023\/09\/Soporte-como-banda-local-768x115.png 768w, https:\/\/fack0ff-record.com\/wp-content\/uploads\/2023\/09\/Soporte-como-banda-local-370x56.png 370w, https:\/\/fack0ff-record.com\/wp-content\/uploads\/2023\/09\/Soporte-como-banda-local-770x116.png 770w, https:\/\/fack0ff-record.com\/wp-content\/uploads\/2023\/09\/Soporte-como-banda-local-600x90.png 600w\" sizes=\"(max-width: 945px) 100vw, 945px\" \/><\/figure>\n\n\n\n<div style=\"height:100px\" aria-hidden=\"true\" class=\"wp-block-spacer\"><\/div>\n\n\n\n<figure class=\"wp-block-image size-full is-resized\"><img loading=\"lazy\" decoding=\"async\" width=\"945\" height=\"142\" src=\"https:\/\/fack0ff-record.com\/wp-content\/uploads\/2023\/09\/16.-Apoyo-ALojamiento.png\" alt=\"\" class=\"wp-image-1186\" style=\"width:431px;height:65px\" srcset=\"https:\/\/fack0ff-record.com\/wp-content\/uploads\/2023\/09\/16.-Apoyo-ALojamiento.png 945w, https:\/\/fack0ff-record.com\/wp-content\/uploads\/2023\/09\/16.-Apoyo-ALojamiento-300x45.png 300w, https:\/\/fack0ff-record.com\/wp-content\/uploads\/2023\/09\/16.-Apoyo-ALojamiento-768x115.png 768w, https:\/\/fack0ff-record.com\/wp-content\/uploads\/2023\/09\/16.-Apoyo-ALojamiento-370x56.png 370w, https:\/\/fack0ff-record.com\/wp-content\/uploads\/2023\/09\/16.-Apoyo-ALojamiento-770x116.png 770w, https:\/\/fack0ff-record.com\/wp-content\/uploads\/2023\/09\/16.-Apoyo-ALojamiento-600x90.png 600w\" sizes=\"(max-width: 945px) 100vw, 945px\" \/><\/figure>\n\n\n\n<h2 class=\"wp-block-heading\">Si\/ Gratis<\/h2>\n\n\n\n<figure class=\"wp-block-image size-full is-resized\"><img loading=\"lazy\" decoding=\"async\" width=\"945\" height=\"142\" src=\"https:\/\/fack0ff-record.com\/wp-content\/uploads\/2023\/09\/17.-Apoyo-dieta.png\" alt=\"\" class=\"wp-image-1187\" style=\"width:433px;height:65px\" srcset=\"https:\/\/fack0ff-record.com\/wp-content\/uploads\/2023\/09\/17.-Apoyo-dieta.png 945w, https:\/\/fack0ff-record.com\/wp-content\/uploads\/2023\/09\/17.-Apoyo-dieta-300x45.png 300w, https:\/\/fack0ff-record.com\/wp-content\/uploads\/2023\/09\/17.-Apoyo-dieta-768x115.png 768w, https:\/\/fack0ff-record.com\/wp-content\/uploads\/2023\/09\/17.-Apoyo-dieta-370x56.png 370w, https:\/\/fack0ff-record.com\/wp-content\/uploads\/2023\/09\/17.-Apoyo-dieta-770x116.png 770w, https:\/\/fack0ff-record.com\/wp-content\/uploads\/2023\/09\/17.-Apoyo-dieta-600x90.png 600w\" sizes=\"(max-width: 945px) 100vw, 945px\" \/><\/figure>\n\n\n\n<h2 class=\"wp-block-heading\">Si \/ Omn\u00edvora<\/h2>\n","protected":false},"excerpt":{"rendered":"<p>Punk \/ HCPunk, Oi, ska, punkrock Dekadenzia Juvenil somos una banda de punk que acabamos de empezar, tenemos much\u00edsimas ganas de avanzar con este proyecto y sacarlo para adelante!! Por ahora Dekadenzia Juvenil somos 2 componentes, aunque nos gustar\u00eda encontrar al menos un bajo con su respectivo m\u00fasico jajajaja, a\u00fan as\u00ed tenemos demasiadas ganas de&#8230;<\/p>\n","protected":false},"author":1,"featured_media":0,"parent":0,"menu_order":0,"comment_status":"closed","ping_status":"closed","template":"","meta":{"_bbp_topic_count":0,"_bbp_reply_count":0,"_bbp_total_topic_count":0,"_bbp_total_reply_count":0,"_bbp_voice_count":0,"_bbp_anonymous_reply_count":0,"_bbp_topic_count_hidden":0,"_bbp_reply_count_hidden":0,"_bbp_forum_subforum_count":0,"footnotes":""},"class_list":["post-1351","page","type-page","status-publish","hentry"],"_links":{"self":[{"href":"https:\/\/fack0ff-record.com\/index.php\/wp-json\/wp\/v2\/pages\/1351","targetHints":{"allow":["GET"]}}],"collection":[{"href":"https:\/\/fack0ff-record.com\/index.php\/wp-json\/wp\/v2\/pages"}],"about":[{"href":"https:\/\/fack0ff-record.com\/index.php\/wp-json\/wp\/v2\/types\/page"}],"author":[{"embeddable":true,"href":"https:\/\/fack0ff-record.com\/index.php\/wp-json\/wp\/v2\/users\/1"}],"replies":[{"embeddable":true,"href":"https:\/\/fack0ff-record.com\/index.php\/wp-json\/wp\/v2\/comments?post=1351"}],"version-history":[{"count":3,"href":"https:\/\/fack0ff-record.com\/index.php\/wp-json\/wp\/v2\/pages\/1351\/revisions"}],"predecessor-version":[{"id":1356,"href":"https:\/\/fack0ff-record.com\/index.php\/wp-json\/wp\/v2\/pages\/1351\/revisions\/1356"}],"wp:attachment":[{"href":"https:\/\/fack0ff-record.com\/index.php\/wp-json\/wp\/v2\/media?parent=1351"}],"curies":[{"name":"wp","href":"https:\/\/api.w.org\/{rel}","templated":true}]}}