{"id":352,"date":"2023-05-19T09:14:31","date_gmt":"2023-05-19T09:14:31","guid":{"rendered":"https:\/\/fack0ff-record.com\/?page_id=352"},"modified":"2025-11-21T11:56:09","modified_gmt":"2025-11-21T11:56:09","slug":"musicos-locales-organizacion","status":"publish","type":"page","link":"https:\/\/fack0ff-record.com\/","title":{"rendered":"M\u00fasicos, locales y organizaci\u00f3n"},"content":{"rendered":"\t\t<div data-elementor-type=\"wp-page\" data-elementor-id=\"352\" class=\"elementor elementor-352\">\n\t\t\t\t\t\t<section class=\"elementor-section elementor-top-section elementor-element elementor-element-106638c elementor-section-boxed elementor-section-height-default elementor-section-height-default\" data-id=\"106638c\" data-element_type=\"section\">\n\t\t\t\t\t\t<div class=\"elementor-container elementor-column-gap-default\">\n\t\t\t\t\t<div class=\"elementor-column elementor-col-100 elementor-top-column elementor-element elementor-element-6b817d4\" data-id=\"6b817d4\" data-element_type=\"column\">\n\t\t\t<div class=\"elementor-widget-wrap elementor-element-populated\">\n\t\t\t\t\t\t<div class=\"elementor-element elementor-element-f7ac8ac elementor-widget elementor-widget-text-editor\" data-id=\"f7ac8ac\" data-element_type=\"widget\" data-widget_type=\"text-editor.default\">\n\t\t\t\t<div class=\"elementor-widget-container\">\n\t\t\t\t\t\t\t\t\t<h3 class=\"wp-block-heading\"><span style=\"color: #333333;\">\u00bfQu\u00e9 es Fack0ff-Record?<\/span><\/h3><p>Fack0ff Record es una Web\/Blog creada para los grupos y bandas de cualquier estilo o escena como Punk, Hardcore, Thrash, Rock and Roll, Oi, StreetPunk, Indie, Pop, Tecno, Dj\u00b4s y todos sus putos subg\u00e9neros (en los que ya me pierdo) dentro de la escena underground.<\/p><p>\u00abFackOff Record\u00bb pretende ser un punto de encuentro donde poder tener apoyo e informaci\u00f3n TOTALMENTE GRATIS sobre todo lo relativo al\u00a0<em>underground<\/em> nacional e internacional<\/p><h2 class=\"wp-block-heading\"><span style=\"color: #333333;\"><strong>\u00bf\u2026y qu\u00e9 encontraremos aqu\u00ed?<\/strong><\/span><\/h2><p>De alguna manera, en<strong><em>\u00a0Fack0ff Record<\/em><\/strong> queremos crear una red de contactos, d\u00f3nde los artistas de la escena underground puedan intercambiar ideas, recomendaciones, informaci\u00f3n\u00a0 o simplemente un soporte a sus exigencias:<\/p><p>\u2013<em><strong>C\u00f3mo funciona la escena<\/strong><\/em><\/p><p>\u2013<strong><em>C\u00f3mo organizar tus propios concierto y giras,<\/em><\/strong><\/p><p>\u2013<strong><em>D\u00f3nde poder ensayar<\/em><\/strong>\u00a0y\u00a0<strong><em>d\u00f3nde poder actuar<\/em><\/strong>,<\/p><p>\u2013<strong><em>C\u00f3mo y d\u00f3nde poder grabar\u00a0<\/em><\/strong>y un largo etc. de opciones e ideas que puedan ir surgiendo.<\/p><p>Tanto artistas, como locales, salas y\/o recintos donde se hacen conciertos underground o como managers y organizadores de cualquier \u00e1mbito (asociaciones, colectivos, representantes, etc) podr\u00e1n aqu\u00ed encontrar soporte a sus necesidades.<\/p><p>Al fin y al cabo, estos 3 colectivos (artista\/local\/organizador-a) necesitamos estar unidos para que nuestros eventos salgan bien.<\/p><h2><span style=\"color: #333333;\">SI QUIERES ENGROSAR ESTA RED DE CONTACTOS P\u00daBLICA, INSCR\u00cdBETE EN EL APARTADO QUE CREAS CONVENIENTE JUSTO ABAJO, EN LAS FOTOS.<\/span><\/h2><h4>Si eres <span style=\"color: #000000;\"><strong>ARTISTA<\/strong><\/span> y lo que deseas es una informaci\u00f3n m\u00e1s completa pincha <a href=\"https:\/\/fack0ff-record.com\/index.php\/cual-es-mi-beneficio-como-musico\/\">AQU\u00cd<\/a><\/h4><h4>Si eres un <span style=\"color: #000000;\"><strong>BAR\/SALA\/PUB<\/strong><\/span> y lo que deseas es una informaci\u00f3n m\u00e1s completa sobre tu participaci\u00f3n pincha <a href=\"https:\/\/fack0ff-record.com\/index.php\/que-gano-yo-como-bar-sala-underground\/\">AQU\u00cd<\/a><\/h4><h4>Si eres <span style=\"color: #000000;\"><strong>ORGANIZADOR-A<\/strong><\/span> y\u00a0 buscas\u00a0 informaci\u00f3n m\u00e1s detallada pincha <a href=\"https:\/\/fack0ff-record.com\/index.php\/beneficio-como-manager-u-organizador\/\">AQU\u00cd<\/a><\/h4>\t\t\t\t\t\t\t\t<\/div>\n\t\t\t\t<\/div>\n\t\t\t\t\t<\/div>\n\t\t<\/div>\n\t\t\t\t\t<\/div>\n\t\t<\/section>\n\t\t\t\t<section class=\"elementor-section elementor-top-section elementor-element elementor-element-ef5f5db elementor-section-boxed elementor-section-height-default elementor-section-height-default\" data-id=\"ef5f5db\" data-element_type=\"section\">\n\t\t\t\t\t\t<div class=\"elementor-container elementor-column-gap-default\">\n\t\t\t\t\t<div class=\"elementor-column elementor-col-33 elementor-top-column elementor-element elementor-element-3f520f3\" data-id=\"3f520f3\" data-element_type=\"column\">\n\t\t\t<div class=\"elementor-widget-wrap elementor-element-populated\">\n\t\t\t\t\t\t<div class=\"elementor-element elementor-element-66d04fd elementor-widget__width-initial elementor-widget elementor-widget-image\" data-id=\"66d04fd\" data-element_type=\"widget\" data-widget_type=\"image.default\">\n\t\t\t\t<div class=\"elementor-widget-container\">\n\t\t\t\t\t\t\t\t\t\t\t\t<figure class=\"wp-caption\">\n\t\t\t\t\t\t\t\t\t\t\t<a href=\"https:\/\/fack0ff-record.com\/index.php\/3-sectores-1-objetivo\/salas-bares-y-otros-espacios\/\">\n\t\t\t\t\t\t\t<img fetchpriority=\"high\" decoding=\"async\" width=\"286\" height=\"176\" src=\"https:\/\/fack0ff-record.com\/wp-content\/uploads\/2023\/05\/Salita-pequena-jpeg.webp\" class=\"attachment-large size-large wp-image-343\" alt=\"salas locales bares recintos conciertos\" \/>\t\t\t\t\t\t\t\t<\/a>\n\t\t\t\t\t\t\t\t\t\t\t<figcaption class=\"widget-image-caption wp-caption-text\">INSCRIPCI\u00d3N Espacios para directo<\/figcaption>\n\t\t\t\t\t\t\t\t\t\t<\/figure>\n\t\t\t\t\t\t\t\t\t<\/div>\n\t\t\t\t<\/div>\n\t\t\t\t\t<\/div>\n\t\t<\/div>\n\t\t\t\t<div class=\"elementor-column elementor-col-33 elementor-top-column elementor-element elementor-element-b034932\" data-id=\"b034932\" data-element_type=\"column\">\n\t\t\t<div class=\"elementor-widget-wrap elementor-element-populated\">\n\t\t\t\t\t\t<div class=\"elementor-element elementor-element-c3a4910 elementor-widget elementor-widget-image\" data-id=\"c3a4910\" data-element_type=\"widget\" data-widget_type=\"image.default\">\n\t\t\t\t<div class=\"elementor-widget-container\">\n\t\t\t\t\t\t\t\t\t\t\t\t<figure class=\"wp-caption\">\n\t\t\t\t\t\t\t\t\t\t\t<a href=\"https:\/\/fack0ff-record.com\/index.php\/3-sectores-1-objetivo\/sumate-al-underground\/\">\n\t\t\t\t\t\t\t<img decoding=\"async\" src=\"https:\/\/fack0ff-record.com\/wp-content\/uploads\/2023\/05\/Blondie-2.jpeg\" title=\"Blondie-2\" alt=\"Blondie rock punk pop metal trash indie dj cantautor\" loading=\"lazy\" \/>\t\t\t\t\t\t\t\t<\/a>\n\t\t\t\t\t\t\t\t\t\t\t<figcaption class=\"widget-image-caption wp-caption-text\">INSCRIPCI\u00d3N Musicos\/Artistas<\/figcaption>\n\t\t\t\t\t\t\t\t\t\t<\/figure>\n\t\t\t\t\t\t\t\t\t<\/div>\n\t\t\t\t<\/div>\n\t\t\t\t\t<\/div>\n\t\t<\/div>\n\t\t\t\t<div class=\"elementor-column elementor-col-33 elementor-top-column elementor-element elementor-element-ef2ba2d\" data-id=\"ef2ba2d\" data-element_type=\"column\">\n\t\t\t<div class=\"elementor-widget-wrap elementor-element-populated\">\n\t\t\t\t\t\t<div class=\"elementor-element elementor-element-fe771ed elementor-widget elementor-widget-image\" data-id=\"fe771ed\" data-element_type=\"widget\" data-widget_type=\"image.default\">\n\t\t\t\t<div class=\"elementor-widget-container\">\n\t\t\t\t\t\t\t\t\t\t\t\t<figure class=\"wp-caption\">\n\t\t\t\t\t\t\t\t\t\t\t<a href=\"https:\/\/fack0ff-record.com\/index.php\/formulario-organizadores-underground\/\">\n\t\t\t\t\t\t\t<img decoding=\"async\" width=\"640\" height=\"360\" src=\"https:\/\/fack0ff-record.com\/wp-content\/uploads\/2023\/04\/FackOff-logo-1024x576.png\" class=\"attachment-large size-large wp-image-8\" alt=\"FackOff-Record logo\" srcset=\"https:\/\/fack0ff-record.com\/wp-content\/uploads\/2023\/04\/FackOff-logo-1024x576.png 1024w, https:\/\/fack0ff-record.com\/wp-content\/uploads\/2023\/04\/FackOff-logo-300x169.png 300w, https:\/\/fack0ff-record.com\/wp-content\/uploads\/2023\/04\/FackOff-logo-768x432.png 768w, https:\/\/fack0ff-record.com\/wp-content\/uploads\/2023\/04\/FackOff-logo-1536x864.png 1536w, https:\/\/fack0ff-record.com\/wp-content\/uploads\/2023\/04\/FackOff-logo-2048x1152.png 2048w\" sizes=\"(max-width: 640px) 100vw, 640px\" \/>\t\t\t\t\t\t\t\t<\/a>\n\t\t\t\t\t\t\t\t\t\t\t<figcaption class=\"widget-image-caption wp-caption-text\">INSCRIPCI\u00d3N Colaboradores y Organizadores<\/figcaption>\n\t\t\t\t\t\t\t\t\t\t<\/figure>\n\t\t\t\t\t\t\t\t\t<\/div>\n\t\t\t\t<\/div>\n\t\t\t\t\t<\/div>\n\t\t<\/div>\n\t\t\t\t\t<\/div>\n\t\t<\/section>\n\t\t\t\t<section class=\"elementor-section elementor-top-section elementor-element elementor-element-36e428f elementor-section-boxed elementor-section-height-default elementor-section-height-default\" data-id=\"36e428f\" data-element_type=\"section\">\n\t\t\t\t\t\t<div class=\"elementor-container elementor-column-gap-default\">\n\t\t\t\t\t<div class=\"elementor-column elementor-col-100 elementor-top-column elementor-element elementor-element-c7a6700\" data-id=\"c7a6700\" data-element_type=\"column\">\n\t\t\t<div class=\"elementor-widget-wrap elementor-element-populated\">\n\t\t\t\t\t\t<div class=\"elementor-element elementor-element-886a790 elementor-widget elementor-widget-text-editor\" data-id=\"886a790\" data-element_type=\"widget\" data-widget_type=\"text-editor.default\">\n\t\t\t\t<div class=\"elementor-widget-container\">\n\t\t\t\t\t\t\t\t\t<p>Aqu\u00ed encontrar\u00e1s el formulario de inscripci\u00f3n que tu sector requiera. Si bien eres un bar, o sala de eventos pulsa \u00abEspacios para directo\u00bb.<\/p><p>Si eres un\/a cantautor, grupo de Pop, trash, o un Dj\u00b4s obviamente pulsar\u00e1s \u00abM\u00fasicos \/Artistas\u00bb.<\/p><p>Si por otra parte, tienes capacidad organizativa, ya seas de un colectivo, asociaci\u00f3n o solitario, tu sitio es \u00abColaboradores y Organizadores\u00bb<\/p>\t\t\t\t\t\t\t\t<\/div>\n\t\t\t\t<\/div>\n\t\t\t\t\t<\/div>\n\t\t<\/div>\n\t\t\t\t\t<\/div>\n\t\t<\/section>\n\t\t\t\t<section class=\"elementor-section elementor-top-section elementor-element elementor-element-13843bc elementor-section-boxed elementor-section-height-default elementor-section-height-default\" data-id=\"13843bc\" data-element_type=\"section\">\n\t\t\t\t\t\t<div class=\"elementor-container elementor-column-gap-default\">\n\t\t\t\t\t<div class=\"elementor-column elementor-col-100 elementor-top-column elementor-element elementor-element-0d74731\" data-id=\"0d74731\" data-element_type=\"column\">\n\t\t\t<div class=\"elementor-widget-wrap elementor-element-populated\">\n\t\t\t\t\t\t<div class=\"elementor-element elementor-element-f70f687 elementor-widget-divider--view-line elementor-widget elementor-widget-divider\" data-id=\"f70f687\" data-element_type=\"widget\" data-widget_type=\"divider.default\">\n\t\t\t\t<div class=\"elementor-widget-container\">\n\t\t\t\t\t\t\t<div class=\"elementor-divider\">\n\t\t\t<span class=\"elementor-divider-separator\">\n\t\t\t\t\t\t<\/span>\n\t\t<\/div>\n\t\t\t\t\t\t<\/div>\n\t\t\t\t<\/div>\n\t\t\t\t\t<\/div>\n\t\t<\/div>\n\t\t\t\t\t<\/div>\n\t\t<\/section>\n\t\t\t\t<section class=\"elementor-section elementor-top-section elementor-element elementor-element-8cf0582 elementor-section-boxed elementor-section-height-default elementor-section-height-default\" data-id=\"8cf0582\" data-element_type=\"section\">\n\t\t\t\t\t\t<div class=\"elementor-container elementor-column-gap-default\">\n\t\t\t\t\t<div class=\"elementor-column elementor-col-100 elementor-top-column elementor-element elementor-element-b587d43\" data-id=\"b587d43\" data-element_type=\"column\">\n\t\t\t<div class=\"elementor-widget-wrap elementor-element-populated\">\n\t\t\t\t\t\t<div class=\"elementor-element elementor-element-ac6b494 elementor-widget elementor-widget-heading\" data-id=\"ac6b494\" data-element_type=\"widget\" data-widget_type=\"heading.default\">\n\t\t\t\t<div class=\"elementor-widget-container\">\n\t\t\t\t\t<h2 class=\"elementor-heading-title elementor-size-default\">ORGANIZACI\u00d3N DE CONCIERTOS PARA BANDAS<\/h2>\t\t\t\t<\/div>\n\t\t\t\t<\/div>\n\t\t\t\t\t<\/div>\n\t\t<\/div>\n\t\t\t\t\t<\/div>\n\t\t<\/section>\n\t\t\t\t<section class=\"elementor-section elementor-top-section elementor-element elementor-element-845e081 elementor-section-boxed elementor-section-height-default elementor-section-height-default\" data-id=\"845e081\" data-element_type=\"section\">\n\t\t\t\t\t\t<div class=\"elementor-container elementor-column-gap-default\">\n\t\t\t\t\t<div class=\"elementor-column elementor-col-33 elementor-top-column elementor-element elementor-element-fa618e6\" data-id=\"fa618e6\" data-element_type=\"column\">\n\t\t\t<div class=\"elementor-widget-wrap elementor-element-populated\">\n\t\t\t\t\t\t<div class=\"elementor-element elementor-element-9727783 elementor-widget elementor-widget-image\" data-id=\"9727783\" data-element_type=\"widget\" data-widget_type=\"image.default\">\n\t\t\t\t<div class=\"elementor-widget-container\">\n\t\t\t\t\t\t\t\t\t\t\t\t<figure class=\"wp-caption\">\n\t\t\t\t\t\t\t\t\t\t\t<a href=\"https:\/\/fack0ff-record.com\/index.php\/2023\/05\/03\/organizacion-conciertos\/\">\n\t\t\t\t\t\t\t<img decoding=\"async\" width=\"150\" height=\"150\" src=\"https:\/\/fack0ff-record.com\/wp-content\/uploads\/2023\/04\/ACHTUNG3-1-scaled-1-150x150.jpg\" class=\"attachment-thumbnail size-thumbnail wp-image-25\" alt=\"Fack0ff.\" \/>\t\t\t\t\t\t\t\t<\/a>\n\t\t\t\t\t\t\t\t\t\t\t<figcaption class=\"widget-image-caption wp-caption-text\">Organizaci\u00f3n de conciertos<\/figcaption>\n\t\t\t\t\t\t\t\t\t\t<\/figure>\n\t\t\t\t\t\t\t\t\t<\/div>\n\t\t\t\t<\/div>\n\t\t\t\t\t<\/div>\n\t\t<\/div>\n\t\t\t\t<div class=\"elementor-column elementor-col-33 elementor-top-column elementor-element elementor-element-f59a49d\" data-id=\"f59a49d\" data-element_type=\"column\">\n\t\t\t<div class=\"elementor-widget-wrap elementor-element-populated\">\n\t\t\t\t\t\t<div class=\"elementor-element elementor-element-3f967f3 elementor-widget elementor-widget-image\" data-id=\"3f967f3\" data-element_type=\"widget\" data-widget_type=\"image.default\">\n\t\t\t\t<div class=\"elementor-widget-container\">\n\t\t\t\t\t\t\t\t\t\t\t\t<figure class=\"wp-caption\">\n\t\t\t\t\t\t\t\t\t\t\t<a href=\"https:\/\/fack0ff-record.com\/index.php\/2023\/05\/05\/objetivo-de-tu-concierto\/\">\n\t\t\t\t\t\t\t<img loading=\"lazy\" decoding=\"async\" width=\"150\" height=\"150\" src=\"https:\/\/fack0ff-record.com\/wp-content\/uploads\/2023\/05\/Profi-150x150.png\" class=\"attachment-thumbnail size-thumbnail wp-image-115\" alt=\"Objetivo de tu concierto\" \/>\t\t\t\t\t\t\t\t<\/a>\n\t\t\t\t\t\t\t\t\t\t\t<figcaption class=\"widget-image-caption wp-caption-text\">Objetivo de tus conciertos<\/figcaption>\n\t\t\t\t\t\t\t\t\t\t<\/figure>\n\t\t\t\t\t\t\t\t\t<\/div>\n\t\t\t\t<\/div>\n\t\t\t\t\t<\/div>\n\t\t<\/div>\n\t\t\t\t<div class=\"elementor-column elementor-col-33 elementor-top-column elementor-element elementor-element-58f126f\" data-id=\"58f126f\" data-element_type=\"column\">\n\t\t\t<div class=\"elementor-widget-wrap elementor-element-populated\">\n\t\t\t\t\t\t<div class=\"elementor-element elementor-element-715610f elementor-widget elementor-widget-image\" data-id=\"715610f\" data-element_type=\"widget\" data-widget_type=\"image.default\">\n\t\t\t\t<div class=\"elementor-widget-container\">\n\t\t\t\t\t\t\t\t\t\t\t\t<figure class=\"wp-caption\">\n\t\t\t\t\t\t\t\t\t\t\t<a href=\"https:\/\/fack0ff-record.com\/index.php\/2023\/05\/06\/conciertos-de-finde-semana\/\">\n\t\t\t\t\t\t\t<img loading=\"lazy\" decoding=\"async\" width=\"150\" height=\"150\" src=\"https:\/\/fack0ff-record.com\/wp-content\/uploads\/2023\/05\/1-3-150x150.png\" class=\"attachment-thumbnail size-thumbnail wp-image-247\" alt=\"Conciertos de fin de semana cerca de casa\" srcset=\"https:\/\/fack0ff-record.com\/wp-content\/uploads\/2023\/05\/1-3-150x150.png 150w, https:\/\/fack0ff-record.com\/wp-content\/uploads\/2023\/05\/1-3-75x75.png 75w, https:\/\/fack0ff-record.com\/wp-content\/uploads\/2023\/05\/1-3-370x370.png 370w\" sizes=\"(max-width: 150px) 100vw, 150px\" \/>\t\t\t\t\t\t\t\t<\/a>\n\t\t\t\t\t\t\t\t\t\t\t<figcaption class=\"widget-image-caption wp-caption-text\">Conciertos de fin de semana<\/figcaption>\n\t\t\t\t\t\t\t\t\t\t<\/figure>\n\t\t\t\t\t\t\t\t\t<\/div>\n\t\t\t\t<\/div>\n\t\t\t\t\t<\/div>\n\t\t<\/div>\n\t\t\t\t\t<\/div>\n\t\t<\/section>\n\t\t\t\t<\/div>\n\t\t","protected":false},"excerpt":{"rendered":"<p>\u00bfQu\u00e9 es Fack0ff-Record? Fack0ff Record es una Web\/Blog creada para los grupos y bandas de cualquier estilo o escena como Punk, Hardcore, Thrash, Rock and Roll, Oi, StreetPunk, Indie, Pop, Tecno, Dj\u00b4s y todos sus putos subg\u00e9neros (en los que ya me pierdo) dentro de la escena underground. \u00abFackOff Record\u00bb pretende ser un punto de&#8230;<\/p>\n","protected":false},"author":1,"featured_media":0,"parent":0,"menu_order":0,"comment_status":"closed","ping_status":"closed","template":"","meta":{"_bbp_topic_count":0,"_bbp_reply_count":0,"_bbp_total_topic_count":0,"_bbp_total_reply_count":0,"_bbp_voice_count":0,"_bbp_anonymous_reply_count":0,"_bbp_topic_count_hidden":0,"_bbp_reply_count_hidden":0,"_bbp_forum_subforum_count":0,"footnotes":""},"class_list":["post-352","page","type-page","status-publish","hentry"],"_links":{"self":[{"href":"https:\/\/fack0ff-record.com\/index.php\/wp-json\/wp\/v2\/pages\/352","targetHints":{"allow":["GET"]}}],"collection":[{"href":"https:\/\/fack0ff-record.com\/index.php\/wp-json\/wp\/v2\/pages"}],"about":[{"href":"https:\/\/fack0ff-record.com\/index.php\/wp-json\/wp\/v2\/types\/page"}],"author":[{"embeddable":true,"href":"https:\/\/fack0ff-record.com\/index.php\/wp-json\/wp\/v2\/users\/1"}],"replies":[{"embeddable":true,"href":"https:\/\/fack0ff-record.com\/index.php\/wp-json\/wp\/v2\/comments?post=352"}],"version-history":[{"count":63,"href":"https:\/\/fack0ff-record.com\/index.php\/wp-json\/wp\/v2\/pages\/352\/revisions"}],"predecessor-version":[{"id":1507,"href":"https:\/\/fack0ff-record.com\/index.php\/wp-json\/wp\/v2\/pages\/352\/revisions\/1507"}],"wp:attachment":[{"href":"https:\/\/fack0ff-record.com\/index.php\/wp-json\/wp\/v2\/media?parent=352"}],"curies":[{"name":"wp","href":"https:\/\/api.w.org\/{rel}","templated":true}]}}